{"id":271,"date":"2026-02-23T17:37:48","date_gmt":"2026-02-23T17:37:48","guid":{"rendered":"https:\/\/canal3expo.com.br\/edicao2026\/?page_id=271"},"modified":"2026-02-23T23:28:46","modified_gmt":"2026-02-23T23:28:46","slug":"sobre-o-canal-3-expo","status":"publish","type":"page","link":"https:\/\/canal3expo.com.br\/edicao2026\/sobre-o-canal-3-expo\/","title":{"rendered":"Sobre o Canal 3 Expo"},"content":{"rendered":"\t\t<div data-elementor-type=\"wp-page\" data-elementor-id=\"271\" class=\"elementor elementor-271\" data-elementor-post-type=\"page\">\n\t\t\t\t<div class=\"elementor-element elementor-element-a0bdd4f e-flex e-con-boxed wpr-particle-no wpr-jarallax-no wpr-parallax-no wpr-sticky-section-no wpr-equal-height-no e-con e-parent\" data-id=\"a0bdd4f\" data-element_type=\"container\" data-e-type=\"container\" data-settings=\"{&quot;background_background&quot;:&quot;classic&quot;}\">\n\t\t\t\t\t<div class=\"e-con-inner\">\n\t\t\t\t<div class=\"elementor-element elementor-element-e98d294 elementor-widget elementor-widget-text-editor\" data-id=\"e98d294\" data-element_type=\"widget\" data-e-type=\"widget\" data-widget_type=\"text-editor.default\">\n\t\t\t\t\t\t\t\t\t<p>Conhe\u00e7a sobre o Canal 3 Expo<\/p>\t\t\t\t\t\t\t\t<\/div>\n\t\t\t\t\t<\/div>\n\t\t\t\t<\/div>\n\t\t<div class=\"elementor-element elementor-element-f827398 e-flex e-con-boxed wpr-particle-no wpr-jarallax-no wpr-parallax-no wpr-sticky-section-no wpr-equal-height-no e-con e-parent\" data-id=\"f827398\" data-element_type=\"container\" data-e-type=\"container\">\n\t\t\t\t\t<div class=\"e-con-inner\">\n\t\t<div class=\"elementor-element elementor-element-d2be70a e-con-full e-flex wpr-particle-no wpr-jarallax-no wpr-parallax-no wpr-sticky-section-no wpr-equal-height-no e-con e-child\" data-id=\"d2be70a\" data-element_type=\"container\" data-e-type=\"container\">\n\t\t\t\t<div class=\"elementor-element elementor-element-1e83ec0 elementor-widget elementor-widget-text-editor\" data-id=\"1e83ec0\" data-element_type=\"widget\" data-e-type=\"widget\" data-widget_type=\"text-editor.default\">\n\t\t\t\t\t\t\t\t\t<p>Canal 3 Expo<\/p>\t\t\t\t\t\t\t\t<\/div>\n\t\t\t\t<div class=\"elementor-element elementor-element-5c566a1 elementor-widget elementor-widget-text-editor\" data-id=\"5c566a1\" data-element_type=\"widget\" data-e-type=\"widget\" data-widget_type=\"text-editor.default\">\n\t\t\t\t\t\t\t\t\t<p>Quem Somos<\/p>\t\t\t\t\t\t\t\t<\/div>\n\t\t\t\t<div class=\"elementor-element elementor-element-d11ed6b elementor-widget elementor-widget-text-editor\" data-id=\"d11ed6b\" data-element_type=\"widget\" data-e-type=\"widget\" data-widget_type=\"text-editor.default\">\n\t\t\t\t\t\t\t\t\t<p>O <strong>Canal3<\/strong> \u00e9 uma comunidade brasileira dedicada \u00e0 preserva\u00e7\u00e3o, valoriza\u00e7\u00e3o e celebra\u00e7\u00e3o da hist\u00f3ria dos videogames e computadores cl\u00e1ssicos.<\/p><p>Fundado em 1999 como uma lista de discuss\u00f5es por e-mail entre entusiastas e colecionadores, <strong>o Canal3<\/strong> nasceu do desejo de compartilhar conhecimento, experi\u00eancias e mem\u00f3rias sobre consoles, jogos e acess\u00f3rios que marcaram gera\u00e7\u00f5es. O que come\u00e7ou como troca de informa\u00e7\u00f5es rapidamente se transformou em uma rede s\u00f3lida de amizades, pesquisa hist\u00f3rica e colecionismo s\u00e9rio.<\/p><p>Ao longo dos anos, a comunidade cresceu, evoluiu e expandiu sua atua\u00e7\u00e3o para encontros presenciais, eventos e grandes festivais. Hoje, o <strong>Canal3<\/strong> \u00e9 reconhecido como uma das principais refer\u00eancias nacionais em retrogaming, retrocomputa\u00e7\u00e3o e cultura gamer cl\u00e1ssica.<\/p>\t\t\t\t\t\t\t\t<\/div>\n\t\t\t\t<\/div>\n\t\t<div class=\"elementor-element elementor-element-05aeda4 e-con-full e-flex wpr-particle-no wpr-jarallax-no wpr-parallax-no wpr-sticky-section-no wpr-equal-height-no e-con e-child\" data-id=\"05aeda4\" data-element_type=\"container\" data-e-type=\"container\">\n\t\t\t\t<div class=\"elementor-element elementor-element-6f4dc9c elementor-widget elementor-widget-image\" data-id=\"6f4dc9c\" data-element_type=\"widget\" data-e-type=\"widget\" data-widget_type=\"image.default\">\n\t\t\t\t\t\t\t\t\t\t\t\t\t\t\t<img fetchpriority=\"high\" decoding=\"async\" width=\"800\" height=\"534\" src=\"https:\/\/canal3expo.com.br\/edicao2026\/wp-content\/uploads\/2026\/02\/IMG_1110-1024x683.jpg\" class=\"attachment-large size-large wp-image-297\" alt=\"\" srcset=\"https:\/\/canal3expo.com.br\/edicao2026\/wp-content\/uploads\/2026\/02\/IMG_1110-1024x683.jpg 1024w, https:\/\/canal3expo.com.br\/edicao2026\/wp-content\/uploads\/2026\/02\/IMG_1110-300x200.jpg 300w, https:\/\/canal3expo.com.br\/edicao2026\/wp-content\/uploads\/2026\/02\/IMG_1110-768x512.jpg 768w, https:\/\/canal3expo.com.br\/edicao2026\/wp-content\/uploads\/2026\/02\/IMG_1110-1536x1024.jpg 1536w, https:\/\/canal3expo.com.br\/edicao2026\/wp-content\/uploads\/2026\/02\/IMG_1110-2048x1365.jpg 2048w\" sizes=\"(max-width: 800px) 100vw, 800px\" \/>\t\t\t\t\t\t\t\t\t\t\t\t\t\t\t<\/div>\n\t\t\t\t<\/div>\n\t\t\t\t\t<\/div>\n\t\t\t\t<\/div>\n\t\t<div class=\"elementor-element elementor-element-25c0cdd e-flex e-con-boxed wpr-particle-no wpr-jarallax-no wpr-parallax-no wpr-sticky-section-no wpr-equal-height-no e-con e-parent\" data-id=\"25c0cdd\" data-element_type=\"container\" data-e-type=\"container\" data-settings=\"{&quot;background_background&quot;:&quot;classic&quot;}\">\n\t\t\t\t\t<div class=\"e-con-inner\">\n\t\t\t\t<div class=\"elementor-element elementor-element-80bfe71 elementor-widget elementor-widget-text-editor\" data-id=\"80bfe71\" data-element_type=\"widget\" data-e-type=\"widget\" data-widget_type=\"text-editor.default\">\n\t\t\t\t\t\t\t\t\t<p>Lote Promocional Dispon\u00edvel<\/p>\t\t\t\t\t\t\t\t<\/div>\n\t\t\t\t<div class=\"elementor-element elementor-element-8ca2e39 elementor-widget elementor-widget-text-editor\" data-id=\"8ca2e39\" data-element_type=\"widget\" data-e-type=\"widget\" data-widget_type=\"text-editor.default\">\n\t\t\t\t\t\t\t\t\t<p>Garanta seu ingresso agora no lote promocional!<\/p>\t\t\t\t\t\t\t\t<\/div>\n\t\t\t\t<div class=\"elementor-element elementor-element-82a030e elementor-mobile-align-center elementor-align-center elementor-invisible elementor-widget elementor-widget-button\" data-id=\"82a030e\" data-element_type=\"widget\" data-e-type=\"widget\" data-settings=\"{&quot;_animation&quot;:&quot;fadeInUp&quot;,&quot;_animation_delay&quot;:200}\" data-widget_type=\"button.default\">\n\t\t\t\t\t\t\t\t\t\t<a class=\"elementor-button elementor-button-link elementor-size-sm\" href=\"https:\/\/www.sympla.com.br\/evento\/canal-3-expo-2026\/3270295\" target=\"_blank\">\n\t\t\t\t\t\t<span class=\"elementor-button-content-wrapper\">\n\t\t\t\t\t\t\t\t\t<span class=\"elementor-button-text\">Garantir Ingresso Lote Promocional<\/span>\n\t\t\t\t\t<\/span>\n\t\t\t\t\t<\/a>\n\t\t\t\t\t\t\t\t<\/div>\n\t\t\t\t\t<\/div>\n\t\t\t\t<\/div>\n\t\t\t\t<\/div>\n\t\t","protected":false},"excerpt":{"rendered":"<p>Conhe\u00e7a sobre o Canal 3 Expo Canal 3 Expo Quem Somos O Canal3 \u00e9 uma comunidade brasileira dedicada \u00e0 preserva\u00e7\u00e3o, valoriza\u00e7\u00e3o e celebra\u00e7\u00e3o da hist\u00f3ria dos videogames e computadores cl\u00e1ssicos. Fundado em 1999 como uma lista de discuss\u00f5es por e-mail entre entusiastas e colecionadores, o Canal3 nasceu do desejo de compartilhar conhecimento, experi\u00eancias e mem\u00f3rias sobre consoles, jogos e acess\u00f3rios que marcaram gera\u00e7\u00f5es. O que come\u00e7ou como troca de informa\u00e7\u00f5es rapidamente se transformou em uma rede s\u00f3lida de amizades, pesquisa hist\u00f3rica e colecionismo s\u00e9rio. Ao longo dos anos, a comunidade cresceu, evoluiu e expandiu sua atua\u00e7\u00e3o para encontros presenciais, eventos e grandes festivais. Hoje, o Canal3 \u00e9 reconhecido como uma das principais refer\u00eancias nacionais em retrogaming, retrocomputa\u00e7\u00e3o e cultura gamer cl\u00e1ssica. Lote Promocional Dispon\u00edvel Garanta seu ingresso agora no lote promocional! Garantir Ingresso Lote Promocional<\/p>\n","protected":false},"author":1,"featured_media":0,"parent":0,"menu_order":0,"comment_status":"closed","ping_status":"closed","template":"","meta":{"footnotes":""},"class_list":["post-271","page","type-page","status-publish","hentry"],"_links":{"self":[{"href":"https:\/\/canal3expo.com.br\/edicao2026\/wp-json\/wp\/v2\/pages\/271","targetHints":{"allow":["GET"]}}],"collection":[{"href":"https:\/\/canal3expo.com.br\/edicao2026\/wp-json\/wp\/v2\/pages"}],"about":[{"href":"https:\/\/canal3expo.com.br\/edicao2026\/wp-json\/wp\/v2\/types\/page"}],"author":[{"embeddable":true,"href":"https:\/\/canal3expo.com.br\/edicao2026\/wp-json\/wp\/v2\/users\/1"}],"replies":[{"embeddable":true,"href":"https:\/\/canal3expo.com.br\/edicao2026\/wp-json\/wp\/v2\/comments?post=271"}],"version-history":[{"count":25,"href":"https:\/\/canal3expo.com.br\/edicao2026\/wp-json\/wp\/v2\/pages\/271\/revisions"}],"predecessor-version":[{"id":300,"href":"https:\/\/canal3expo.com.br\/edicao2026\/wp-json\/wp\/v2\/pages\/271\/revisions\/300"}],"wp:attachment":[{"href":"https:\/\/canal3expo.com.br\/edicao2026\/wp-json\/wp\/v2\/media?parent=271"}],"curies":[{"name":"wp","href":"https:\/\/api.w.org\/{rel}","templated":true}]}}